{"id":624,"date":"2025-02-20T14:50:16","date_gmt":"2025-02-20T14:50:16","guid":{"rendered":"https:\/\/hpm-hedefgroup.com\/?page_id=624"},"modified":"2025-03-10T21:37:56","modified_gmt":"2025-03-10T21:37:56","slug":"yuksel-insaat-a-s","status":"publish","type":"page","link":"https:\/\/hpm-hedefgroup.com\/index.php\/yuksel-insaat-a-s\/","title":{"rendered":"Y\u00fcksel \u0130n\u015faat A.\u015e"},"content":{"rendered":"\t\t<div data-elementor-type=\"wp-page\" data-elementor-id=\"624\" class=\"elementor elementor-624\">\n\t\t\t\t<div class=\"elementor-element elementor-element-2b9e210 e-flex e-con-boxed e-con e-parent\" data-id=\"2b9e210\" data-element_type=\"container\" data-e-type=\"container\" data-settings=\"{&quot;background_background&quot;:&quot;classic&quot;}\">\n\t\t\t\t\t<div class=\"e-con-inner\">\n\t\t<div class=\"elementor-element elementor-element-21490f67 e-con-full e-flex e-con e-child\" data-id=\"21490f67\" data-element_type=\"container\" data-e-type=\"container\">\n\t\t\t\t<div class=\"elementor-element elementor-element-4c150a9d elementor-icon-list--layout-inline elementor-align-center elementor-mobile-align-center elementor-list-item-link-full_width elementor-widget elementor-widget-icon-list\" data-id=\"4c150a9d\" data-element_type=\"widget\" data-e-type=\"widget\" data-widget_type=\"icon-list.default\">\n\t\t\t\t<div class=\"elementor-widget-container\">\n\t\t\t\t\t\t\t<ul class=\"elementor-icon-list-items elementor-inline-items\">\n\t\t\t\t\t\t\t<li class=\"elementor-icon-list-item elementor-inline-item\">\n\t\t\t\t\t\t\t\t\t\t<span class=\"elementor-icon-list-text\">Home<\/span>\n\t\t\t\t\t\t\t\t\t<\/li>\n\t\t\t\t\t\t\t\t<li class=\"elementor-icon-list-item elementor-inline-item\">\n\t\t\t\t\t\t\t\t\t\t\t<span class=\"elementor-icon-list-icon\">\n\t\t\t\t\t\t\t<i aria-hidden=\"true\" class=\"jki jki-slash-solid\"><\/i>\t\t\t\t\t\t<\/span>\n\t\t\t\t\t\t\t\t\t\t<span class=\"elementor-icon-list-text\">Art Gallery Of National Bank Of Uzbekistan<\/span>\n\t\t\t\t\t\t\t\t\t<\/li>\n\t\t\t\t\t\t<\/ul>\n\t\t\t\t\t\t<\/div>\n\t\t\t\t<\/div>\n\t\t\t\t<div class=\"elementor-element elementor-element-6957e6e3 elementor-invisible elementor-widget elementor-widget-heading\" data-id=\"6957e6e3\" data-element_type=\"widget\" data-e-type=\"widget\" data-settings=\"{&quot;_animation&quot;:&quot;fadeIn&quot;}\" data-widget_type=\"heading.default\">\n\t\t\t\t<div class=\"elementor-widget-container\">\n\t\t\t\t\t<h1 class=\"elementor-heading-title elementor-size-default\">Art Gallery Of National Bank Of Uzbekistan <br> Y\u00fcksel In\u015f. A.\u015e<\/h1>\t\t\t\t<\/div>\n\t\t\t\t<\/div>\n\t\t\t\t<div class=\"elementor-element elementor-element-5f708e02 elementor-widget-divider--view-line elementor-invisible elementor-widget elementor-widget-divider\" data-id=\"5f708e02\" data-element_type=\"widget\" data-e-type=\"widget\" data-settings=\"{&quot;_animation&quot;:&quot;fadeIn&quot;,&quot;_animation_delay&quot;:&quot;100&quot;}\" data-widget_type=\"divider.default\">\n\t\t\t\t<div class=\"elementor-widget-container\">\n\t\t\t\t\t\t\t<div class=\"elementor-divider\">\n\t\t\t<span class=\"elementor-divider-separator\">\n\t\t\t\t\t\t<\/span>\n\t\t<\/div>\n\t\t\t\t\t\t<\/div>\n\t\t\t\t<\/div>\n\t\t\t\t<\/div>\n\t\t\t\t\t<\/div>\n\t\t\t\t<\/div>\n\t\t<div class=\"elementor-element elementor-element-319d6a06 e-flex e-con-boxed e-con e-parent\" data-id=\"319d6a06\" data-element_type=\"container\" data-e-type=\"container\" data-settings=\"{&quot;background_background&quot;:&quot;classic&quot;}\">\n\t\t\t\t\t<div class=\"e-con-inner\">\n\t\t<div class=\"elementor-element elementor-element-c37c682 e-con-full e-flex e-con e-child\" data-id=\"c37c682\" data-element_type=\"container\" data-e-type=\"container\">\n\t\t\t\t<div class=\"elementor-element elementor-element-95321c3 elementor-view-default elementor-position-block-start elementor-mobile-position-block-start elementor-widget elementor-widget-icon-box\" data-id=\"95321c3\" data-element_type=\"widget\" data-e-type=\"widget\" data-widget_type=\"icon-box.default\">\n\t\t\t\t<div class=\"elementor-widget-container\">\n\t\t\t\t\t\t\t<div class=\"elementor-icon-box-wrapper\">\n\n\t\t\t\t\t\t<div class=\"elementor-icon-box-icon\">\n\t\t\t\t<span  class=\"elementor-icon\">\n\t\t\t\t<i aria-hidden=\"true\" class=\"icon icon-google-map\"><\/i>\t\t\t\t<\/span>\n\t\t\t<\/div>\n\t\t\t\n\t\t\t\t\t\t<div class=\"elementor-icon-box-content\">\n\n\t\t\t\t\t\t\t\t\t<h3 class=\"elementor-icon-box-title\">\n\t\t\t\t\t\t<span  >\n\t\t\t\t\t\t\tLocation\t\t\t\t\t\t<\/span>\n\t\t\t\t\t<\/h3>\n\t\t\t\t\n\t\t\t\t\t\t\t\t\t<p class=\"elementor-icon-box-description\">\n\t\t\t\t\t\tTashkent-Uzbekistan\t\t\t\t\t<\/p>\n\t\t\t\t\n\t\t\t<\/div>\n\t\t\t\n\t\t<\/div>\n\t\t\t\t\t\t<\/div>\n\t\t\t\t<\/div>\n\t\t\t\t<\/div>\n\t\t<div class=\"elementor-element elementor-element-609aec9d e-con-full e-flex e-con e-child\" data-id=\"609aec9d\" data-element_type=\"container\" data-e-type=\"container\">\n\t\t\t\t<div class=\"elementor-element elementor-element-4db12941 elementor-view-default elementor-position-block-start elementor-mobile-position-block-start elementor-widget elementor-widget-icon-box\" data-id=\"4db12941\" data-element_type=\"widget\" data-e-type=\"widget\" data-widget_type=\"icon-box.default\">\n\t\t\t\t<div class=\"elementor-widget-container\">\n\t\t\t\t\t\t\t<div class=\"elementor-icon-box-wrapper\">\n\n\t\t\t\t\t\t<div class=\"elementor-icon-box-icon\">\n\t\t\t\t<span  class=\"elementor-icon\">\n\t\t\t\t<i aria-hidden=\"true\" class=\"icon icon-Rating\"><\/i>\t\t\t\t<\/span>\n\t\t\t<\/div>\n\t\t\t\n\t\t\t\t\t\t<div class=\"elementor-icon-box-content\">\n\n\t\t\t\t\t\t\t\t\t<h3 class=\"elementor-icon-box-title\">\n\t\t\t\t\t\t<span  >\n\t\t\t\t\t\t\tEmployer\t\t\t\t\t\t<\/span>\n\t\t\t\t\t<\/h3>\n\t\t\t\t\n\t\t\t\t\t\t\t\t\t<p class=\"elementor-icon-box-description\">\n\t\t\t\t\t\tNational Bank Of Uzbekistan\n\t\t\t\t\t<\/p>\n\t\t\t\t\n\t\t\t<\/div>\n\t\t\t\n\t\t<\/div>\n\t\t\t\t\t\t<\/div>\n\t\t\t\t<\/div>\n\t\t\t\t<\/div>\n\t\t<div class=\"elementor-element elementor-element-4d74c3fc e-con-full e-flex e-con e-child\" data-id=\"4d74c3fc\" data-element_type=\"container\" data-e-type=\"container\">\n\t\t\t\t<div class=\"elementor-element elementor-element-724e6fb7 elementor-view-default elementor-position-block-start elementor-mobile-position-block-start elementor-widget elementor-widget-icon-box\" data-id=\"724e6fb7\" data-element_type=\"widget\" data-e-type=\"widget\" data-widget_type=\"icon-box.default\">\n\t\t\t\t<div class=\"elementor-widget-container\">\n\t\t\t\t\t\t\t<div class=\"elementor-icon-box-wrapper\">\n\n\t\t\t\t\t\t<div class=\"elementor-icon-box-icon\">\n\t\t\t\t<span  class=\"elementor-icon\">\n\t\t\t\t<i aria-hidden=\"true\" class=\"icon icon-design\"><\/i>\t\t\t\t<\/span>\n\t\t\t<\/div>\n\t\t\t\n\t\t\t\t\t\t<div class=\"elementor-icon-box-content\">\n\n\t\t\t\t\t\t\t\t\t<h3 class=\"elementor-icon-box-title\">\n\t\t\t\t\t\t<span  >\n\t\t\t\t\t\t\tDesigner\t\t\t\t\t\t<\/span>\n\t\t\t\t\t<\/h3>\n\t\t\t\t\n\t\t\t\t\n\t\t\t<\/div>\n\t\t\t\n\t\t<\/div>\n\t\t\t\t\t\t<\/div>\n\t\t\t\t<\/div>\n\t\t\t\t<\/div>\n\t\t<div class=\"elementor-element elementor-element-7d6a3a32 e-con-full e-flex e-con e-child\" data-id=\"7d6a3a32\" data-element_type=\"container\" data-e-type=\"container\">\n\t\t\t\t<div class=\"elementor-element elementor-element-7e54286a elementor-view-default elementor-position-block-start elementor-mobile-position-block-start elementor-widget elementor-widget-icon-box\" data-id=\"7e54286a\" data-element_type=\"widget\" data-e-type=\"widget\" data-widget_type=\"icon-box.default\">\n\t\t\t\t<div class=\"elementor-widget-container\">\n\t\t\t\t\t\t\t<div class=\"elementor-icon-box-wrapper\">\n\n\t\t\t\t\t\t<div class=\"elementor-icon-box-icon\">\n\t\t\t\t<span  class=\"elementor-icon\">\n\t\t\t\t<i aria-hidden=\"true\" class=\"icon icon-save-money\"><\/i>\t\t\t\t<\/span>\n\t\t\t<\/div>\n\t\t\t\n\t\t\t\t\t\t<div class=\"elementor-icon-box-content\">\n\n\t\t\t\t\t\t\t\t\t<h3 class=\"elementor-icon-box-title\">\n\t\t\t\t\t\t<span  >\n\t\t\t\t\t\t\tProject Value\t\t\t\t\t\t<\/span>\n\t\t\t\t\t<\/h3>\n\t\t\t\t\n\t\t\t\t\t\t\t\t\t<p class=\"elementor-icon-box-description\">\n\t\t\t\t\t\t9.000.000$\t\t\t\t\t<\/p>\n\t\t\t\t\n\t\t\t<\/div>\n\t\t\t\n\t\t<\/div>\n\t\t\t\t\t\t<\/div>\n\t\t\t\t<\/div>\n\t\t\t\t<\/div>\n\t\t\t\t\t<\/div>\n\t\t\t\t<\/div>\n\t\t<div class=\"elementor-element elementor-element-4e67bf9 e-flex e-con-boxed e-con e-parent\" data-id=\"4e67bf9\" data-element_type=\"container\" data-e-type=\"container\" data-settings=\"{&quot;background_background&quot;:&quot;classic&quot;}\">\n\t\t\t\t\t<div class=\"e-con-inner\">\n\t\t\t\t<div class=\"elementor-element elementor-element-09fac18 elementor-widget elementor-widget-text-editor\" data-id=\"09fac18\" data-element_type=\"widget\" data-e-type=\"widget\" data-widget_type=\"text-editor.default\">\n\t\t\t\t<div class=\"elementor-widget-container\">\n\t\t\t\t\t\t\t\t\t<p>Turn-Key Contract ,8.500m2, 2003-2004<\/p><p>\u00a0Client : NBU (National Bank of Uzbekistan)<br \/>\u00a0Position : Site Manager<\/p>\t\t\t\t\t\t\t\t<\/div>\n\t\t\t\t<\/div>\n\t\t\t\t\t<\/div>\n\t\t\t\t<\/div>\n\t\t<div class=\"elementor-element elementor-element-3cfc32e9 e-flex e-con-boxed e-con e-parent\" data-id=\"3cfc32e9\" data-element_type=\"container\" data-e-type=\"container\" data-settings=\"{&quot;background_background&quot;:&quot;classic&quot;}\">\n\t\t\t\t\t<div class=\"e-con-inner\">\n\t\t\t\t<div class=\"elementor-element elementor-element-47c262f7 gallery-spacing-custom elementor-widget elementor-widget-image-gallery\" data-id=\"47c262f7\" data-element_type=\"widget\" data-e-type=\"widget\" data-widget_type=\"image-gallery.default\">\n\t\t\t\t<div class=\"elementor-widget-container\">\n\t\t\t\t\t\t\t<div class=\"elementor-image-gallery\">\n\t\t\t<div id='gallery-1' class='gallery galleryid-624 gallery-columns-2 gallery-size-full'><figure class='gallery-item'>\n\t\t\t<div class='gallery-icon landscape'>\n\t\t\t\t<a data-elementor-open-lightbox=\"yes\" data-elementor-lightbox-slideshow=\"47c262f7\" data-elementor-lightbox-title=\"Haluk Ozsoy CV and Portfolio 2018.pdf-image-159\" data-e-action-hash=\"#elementor-action%3Aaction%3Dlightbox%26settings%3DeyJpZCI6NjI2LCJ1cmwiOiJodHRwczpcL1wvaHBtLWhlZGVmZ3JvdXAuY29tXC93cC1jb250ZW50XC91cGxvYWRzXC8yMDI1XC8wMlwvSGFsdWstT3pzb3ktQ1YtYW5kLVBvcnRmb2xpby0yMDE4LnBkZi1pbWFnZS0xNTktMS5qcGciLCJzbGlkZXNob3ciOiI0N2MyNjJmNyJ9\" href='https:\/\/hpm-hedefgroup.com\/wp-content\/uploads\/2025\/02\/Haluk-Ozsoy-CV-and-Portfolio-2018.pdf-image-159-1.jpg'><img fetchpriority=\"high\" decoding=\"async\" width=\"500\" height=\"375\" src=\"https:\/\/hpm-hedefgroup.com\/wp-content\/uploads\/2025\/02\/Haluk-Ozsoy-CV-and-Portfolio-2018.pdf-image-159-1.jpg\" class=\"attachment-full size-full\" alt=\"\" srcset=\"https:\/\/hpm-hedefgroup.com\/wp-content\/uploads\/2025\/02\/Haluk-Ozsoy-CV-and-Portfolio-2018.pdf-image-159-1.jpg 500w, https:\/\/hpm-hedefgroup.com\/wp-content\/uploads\/2025\/02\/Haluk-Ozsoy-CV-and-Portfolio-2018.pdf-image-159-1-300x225.jpg 300w\" sizes=\"(max-width: 500px) 100vw, 500px\" \/><\/a>\n\t\t\t<\/div><\/figure><figure class='gallery-item'>\n\t\t\t<div class='gallery-icon landscape'>\n\t\t\t\t<a data-elementor-open-lightbox=\"yes\" data-elementor-lightbox-slideshow=\"47c262f7\" data-elementor-lightbox-title=\"ACD Systems Digital Imaging\" data-e-action-hash=\"#elementor-action%3Aaction%3Dlightbox%26settings%3DeyJpZCI6NjI3LCJ1cmwiOiJodHRwczpcL1wvaHBtLWhlZGVmZ3JvdXAuY29tXC93cC1jb250ZW50XC91cGxvYWRzXC8yMDI1XC8wMlwvSGFsdWstT3pzb3ktQ1YtYW5kLVBvcnRmb2xpby0yMDE4LnBkZi1pbWFnZS0xNjAuanBnIiwic2xpZGVzaG93IjoiNDdjMjYyZjcifQ%3D%3D\" href='https:\/\/hpm-hedefgroup.com\/wp-content\/uploads\/2025\/02\/Haluk-Ozsoy-CV-and-Portfolio-2018.pdf-image-160.jpg'><img decoding=\"async\" width=\"800\" height=\"600\" src=\"https:\/\/hpm-hedefgroup.com\/wp-content\/uploads\/2025\/02\/Haluk-Ozsoy-CV-and-Portfolio-2018.pdf-image-160.jpg\" class=\"attachment-full size-full\" alt=\"\" aria-describedby=\"gallery-1-627\" srcset=\"https:\/\/hpm-hedefgroup.com\/wp-content\/uploads\/2025\/02\/Haluk-Ozsoy-CV-and-Portfolio-2018.pdf-image-160.jpg 800w, https:\/\/hpm-hedefgroup.com\/wp-content\/uploads\/2025\/02\/Haluk-Ozsoy-CV-and-Portfolio-2018.pdf-image-160-300x225.jpg 300w, https:\/\/hpm-hedefgroup.com\/wp-content\/uploads\/2025\/02\/Haluk-Ozsoy-CV-and-Portfolio-2018.pdf-image-160-768x576.jpg 768w\" sizes=\"(max-width: 800px) 100vw, 800px\" \/><\/a>\n\t\t\t<\/div>\n\t\t\t\t<figcaption class='wp-caption-text gallery-caption' id='gallery-1-627'>\n\t\t\t\tACD Systems Digital Imaging\n\t\t\t\t<\/figcaption><\/figure><figure class='gallery-item'>\n\t\t\t<div class='gallery-icon landscape'>\n\t\t\t\t<a data-elementor-open-lightbox=\"yes\" data-elementor-lightbox-slideshow=\"47c262f7\" data-elementor-lightbox-title=\"ACD Systems Digital Imaging\" data-e-action-hash=\"#elementor-action%3Aaction%3Dlightbox%26settings%3DeyJpZCI6NjI4LCJ1cmwiOiJodHRwczpcL1wvaHBtLWhlZGVmZ3JvdXAuY29tXC93cC1jb250ZW50XC91cGxvYWRzXC8yMDI1XC8wMlwvSGFsdWstT3pzb3ktQ1YtYW5kLVBvcnRmb2xpby0yMDE4LnBkZi1pbWFnZS0xNjkuanBnIiwic2xpZGVzaG93IjoiNDdjMjYyZjcifQ%3D%3D\" href='https:\/\/hpm-hedefgroup.com\/wp-content\/uploads\/2025\/02\/Haluk-Ozsoy-CV-and-Portfolio-2018.pdf-image-169.jpg'><img decoding=\"async\" width=\"800\" height=\"600\" src=\"https:\/\/hpm-hedefgroup.com\/wp-content\/uploads\/2025\/02\/Haluk-Ozsoy-CV-and-Portfolio-2018.pdf-image-169.jpg\" class=\"attachment-full size-full\" alt=\"\" aria-describedby=\"gallery-1-628\" srcset=\"https:\/\/hpm-hedefgroup.com\/wp-content\/uploads\/2025\/02\/Haluk-Ozsoy-CV-and-Portfolio-2018.pdf-image-169.jpg 800w, https:\/\/hpm-hedefgroup.com\/wp-content\/uploads\/2025\/02\/Haluk-Ozsoy-CV-and-Portfolio-2018.pdf-image-169-300x225.jpg 300w, https:\/\/hpm-hedefgroup.com\/wp-content\/uploads\/2025\/02\/Haluk-Ozsoy-CV-and-Portfolio-2018.pdf-image-169-768x576.jpg 768w\" sizes=\"(max-width: 800px) 100vw, 800px\" \/><\/a>\n\t\t\t<\/div>\n\t\t\t\t<figcaption class='wp-caption-text gallery-caption' id='gallery-1-628'>\n\t\t\t\tACD Systems Digital Imaging\n\t\t\t\t<\/figcaption><\/figure><figure class='gallery-item'>\n\t\t\t<div class='gallery-icon landscape'>\n\t\t\t\t<a data-elementor-open-lightbox=\"yes\" data-elementor-lightbox-slideshow=\"47c262f7\" data-elementor-lightbox-title=\"ACD Systems Digital Imaging\" data-e-action-hash=\"#elementor-action%3Aaction%3Dlightbox%26settings%3DeyJpZCI6NjI5LCJ1cmwiOiJodHRwczpcL1wvaHBtLWhlZGVmZ3JvdXAuY29tXC93cC1jb250ZW50XC91cGxvYWRzXC8yMDI1XC8wMlwvSGFsdWstT3pzb3ktQ1YtYW5kLVBvcnRmb2xpby0yMDE4LnBkZi1pbWFnZS0xNzAuanBnIiwic2xpZGVzaG93IjoiNDdjMjYyZjcifQ%3D%3D\" href='https:\/\/hpm-hedefgroup.com\/wp-content\/uploads\/2025\/02\/Haluk-Ozsoy-CV-and-Portfolio-2018.pdf-image-170.jpg'><img loading=\"lazy\" decoding=\"async\" width=\"800\" height=\"600\" src=\"https:\/\/hpm-hedefgroup.com\/wp-content\/uploads\/2025\/02\/Haluk-Ozsoy-CV-and-Portfolio-2018.pdf-image-170.jpg\" class=\"attachment-full size-full\" alt=\"\" aria-describedby=\"gallery-1-629\" srcset=\"https:\/\/hpm-hedefgroup.com\/wp-content\/uploads\/2025\/02\/Haluk-Ozsoy-CV-and-Portfolio-2018.pdf-image-170.jpg 800w, https:\/\/hpm-hedefgroup.com\/wp-content\/uploads\/2025\/02\/Haluk-Ozsoy-CV-and-Portfolio-2018.pdf-image-170-300x225.jpg 300w, https:\/\/hpm-hedefgroup.com\/wp-content\/uploads\/2025\/02\/Haluk-Ozsoy-CV-and-Portfolio-2018.pdf-image-170-768x576.jpg 768w\" sizes=\"(max-width: 800px) 100vw, 800px\" \/><\/a>\n\t\t\t<\/div>\n\t\t\t\t<figcaption class='wp-caption-text gallery-caption' id='gallery-1-629'>\n\t\t\t\tACD Systems Digital Imaging\n\t\t\t\t<\/figcaption><\/figure><figure class='gallery-item'>\n\t\t\t<div class='gallery-icon landscape'>\n\t\t\t\t<a data-elementor-open-lightbox=\"yes\" data-elementor-lightbox-slideshow=\"47c262f7\" data-elementor-lightbox-title=\"ACD Systems Digital Imaging\" data-e-action-hash=\"#elementor-action%3Aaction%3Dlightbox%26settings%3DeyJpZCI6NjMwLCJ1cmwiOiJodHRwczpcL1wvaHBtLWhlZGVmZ3JvdXAuY29tXC93cC1jb250ZW50XC91cGxvYWRzXC8yMDI1XC8wMlwvSGFsdWstT3pzb3ktQ1YtYW5kLVBvcnRmb2xpby0yMDE4LnBkZi1pbWFnZS0xNzEuanBnIiwic2xpZGVzaG93IjoiNDdjMjYyZjcifQ%3D%3D\" href='https:\/\/hpm-hedefgroup.com\/wp-content\/uploads\/2025\/02\/Haluk-Ozsoy-CV-and-Portfolio-2018.pdf-image-171.jpg'><img loading=\"lazy\" decoding=\"async\" width=\"800\" height=\"600\" src=\"https:\/\/hpm-hedefgroup.com\/wp-content\/uploads\/2025\/02\/Haluk-Ozsoy-CV-and-Portfolio-2018.pdf-image-171.jpg\" class=\"attachment-full size-full\" alt=\"\" aria-describedby=\"gallery-1-630\" srcset=\"https:\/\/hpm-hedefgroup.com\/wp-content\/uploads\/2025\/02\/Haluk-Ozsoy-CV-and-Portfolio-2018.pdf-image-171.jpg 800w, https:\/\/hpm-hedefgroup.com\/wp-content\/uploads\/2025\/02\/Haluk-Ozsoy-CV-and-Portfolio-2018.pdf-image-171-300x225.jpg 300w, https:\/\/hpm-hedefgroup.com\/wp-content\/uploads\/2025\/02\/Haluk-Ozsoy-CV-and-Portfolio-2018.pdf-image-171-768x576.jpg 768w\" sizes=\"(max-width: 800px) 100vw, 800px\" \/><\/a>\n\t\t\t<\/div>\n\t\t\t\t<figcaption class='wp-caption-text gallery-caption' id='gallery-1-630'>\n\t\t\t\tACD Systems Digital Imaging\n\t\t\t\t<\/figcaption><\/figure><figure class='gallery-item'>\n\t\t\t<div class='gallery-icon landscape'>\n\t\t\t\t<a data-elementor-open-lightbox=\"yes\" data-elementor-lightbox-slideshow=\"47c262f7\" data-elementor-lightbox-title=\"ACD Systems Digital Imaging\" data-e-action-hash=\"#elementor-action%3Aaction%3Dlightbox%26settings%3DeyJpZCI6NjMxLCJ1cmwiOiJodHRwczpcL1wvaHBtLWhlZGVmZ3JvdXAuY29tXC93cC1jb250ZW50XC91cGxvYWRzXC8yMDI1XC8wMlwvSGFsdWstT3pzb3ktQ1YtYW5kLVBvcnRmb2xpby0yMDE4LnBkZi1pbWFnZS0xNzIuanBnIiwic2xpZGVzaG93IjoiNDdjMjYyZjcifQ%3D%3D\" href='https:\/\/hpm-hedefgroup.com\/wp-content\/uploads\/2025\/02\/Haluk-Ozsoy-CV-and-Portfolio-2018.pdf-image-172.jpg'><img loading=\"lazy\" decoding=\"async\" width=\"800\" height=\"600\" src=\"https:\/\/hpm-hedefgroup.com\/wp-content\/uploads\/2025\/02\/Haluk-Ozsoy-CV-and-Portfolio-2018.pdf-image-172.jpg\" class=\"attachment-full size-full\" alt=\"\" aria-describedby=\"gallery-1-631\" srcset=\"https:\/\/hpm-hedefgroup.com\/wp-content\/uploads\/2025\/02\/Haluk-Ozsoy-CV-and-Portfolio-2018.pdf-image-172.jpg 800w, https:\/\/hpm-hedefgroup.com\/wp-content\/uploads\/2025\/02\/Haluk-Ozsoy-CV-and-Portfolio-2018.pdf-image-172-300x225.jpg 300w, https:\/\/hpm-hedefgroup.com\/wp-content\/uploads\/2025\/02\/Haluk-Ozsoy-CV-and-Portfolio-2018.pdf-image-172-768x576.jpg 768w\" sizes=\"(max-width: 800px) 100vw, 800px\" \/><\/a>\n\t\t\t<\/div>\n\t\t\t\t<figcaption class='wp-caption-text gallery-caption' id='gallery-1-631'>\n\t\t\t\tACD Systems Digital Imaging\n\t\t\t\t<\/figcaption><\/figure><figure class='gallery-item'>\n\t\t\t<div class='gallery-icon landscape'>\n\t\t\t\t<a data-elementor-open-lightbox=\"yes\" data-elementor-lightbox-slideshow=\"47c262f7\" data-elementor-lightbox-title=\"ACD Systems Digital Imaging\" data-e-action-hash=\"#elementor-action%3Aaction%3Dlightbox%26settings%3DeyJpZCI6NjMyLCJ1cmwiOiJodHRwczpcL1wvaHBtLWhlZGVmZ3JvdXAuY29tXC93cC1jb250ZW50XC91cGxvYWRzXC8yMDI1XC8wMlwvSGFsdWstT3pzb3ktQ1YtYW5kLVBvcnRmb2xpby0yMDE4LnBkZi1pbWFnZS0xNzMuanBnIiwic2xpZGVzaG93IjoiNDdjMjYyZjcifQ%3D%3D\" href='https:\/\/hpm-hedefgroup.com\/wp-content\/uploads\/2025\/02\/Haluk-Ozsoy-CV-and-Portfolio-2018.pdf-image-173.jpg'><img loading=\"lazy\" decoding=\"async\" width=\"800\" height=\"600\" src=\"https:\/\/hpm-hedefgroup.com\/wp-content\/uploads\/2025\/02\/Haluk-Ozsoy-CV-and-Portfolio-2018.pdf-image-173.jpg\" class=\"attachment-full size-full\" alt=\"\" aria-describedby=\"gallery-1-632\" srcset=\"https:\/\/hpm-hedefgroup.com\/wp-content\/uploads\/2025\/02\/Haluk-Ozsoy-CV-and-Portfolio-2018.pdf-image-173.jpg 800w, https:\/\/hpm-hedefgroup.com\/wp-content\/uploads\/2025\/02\/Haluk-Ozsoy-CV-and-Portfolio-2018.pdf-image-173-300x225.jpg 300w, https:\/\/hpm-hedefgroup.com\/wp-content\/uploads\/2025\/02\/Haluk-Ozsoy-CV-and-Portfolio-2018.pdf-image-173-768x576.jpg 768w\" sizes=\"(max-width: 800px) 100vw, 800px\" \/><\/a>\n\t\t\t<\/div>\n\t\t\t\t<figcaption class='wp-caption-text gallery-caption' id='gallery-1-632'>\n\t\t\t\tACD Systems Digital Imaging\n\t\t\t\t<\/figcaption><\/figure><figure class='gallery-item'>\n\t\t\t<div class='gallery-icon landscape'>\n\t\t\t\t<a data-elementor-open-lightbox=\"yes\" data-elementor-lightbox-slideshow=\"47c262f7\" data-elementor-lightbox-title=\"ACD Systems Digital Imaging\" data-e-action-hash=\"#elementor-action%3Aaction%3Dlightbox%26settings%3DeyJpZCI6NjMzLCJ1cmwiOiJodHRwczpcL1wvaHBtLWhlZGVmZ3JvdXAuY29tXC93cC1jb250ZW50XC91cGxvYWRzXC8yMDI1XC8wMlwvSGFsdWstT3pzb3ktQ1YtYW5kLVBvcnRmb2xpby0yMDE4LnBkZi1pbWFnZS0xNzQuanBnIiwic2xpZGVzaG93IjoiNDdjMjYyZjcifQ%3D%3D\" href='https:\/\/hpm-hedefgroup.com\/wp-content\/uploads\/2025\/02\/Haluk-Ozsoy-CV-and-Portfolio-2018.pdf-image-174.jpg'><img loading=\"lazy\" decoding=\"async\" width=\"800\" height=\"600\" src=\"https:\/\/hpm-hedefgroup.com\/wp-content\/uploads\/2025\/02\/Haluk-Ozsoy-CV-and-Portfolio-2018.pdf-image-174.jpg\" class=\"attachment-full size-full\" alt=\"\" aria-describedby=\"gallery-1-633\" srcset=\"https:\/\/hpm-hedefgroup.com\/wp-content\/uploads\/2025\/02\/Haluk-Ozsoy-CV-and-Portfolio-2018.pdf-image-174.jpg 800w, https:\/\/hpm-hedefgroup.com\/wp-content\/uploads\/2025\/02\/Haluk-Ozsoy-CV-and-Portfolio-2018.pdf-image-174-300x225.jpg 300w, https:\/\/hpm-hedefgroup.com\/wp-content\/uploads\/2025\/02\/Haluk-Ozsoy-CV-and-Portfolio-2018.pdf-image-174-768x576.jpg 768w\" sizes=\"(max-width: 800px) 100vw, 800px\" \/><\/a>\n\t\t\t<\/div>\n\t\t\t\t<figcaption class='wp-caption-text gallery-caption' id='gallery-1-633'>\n\t\t\t\tACD Systems Digital Imaging\n\t\t\t\t<\/figcaption><\/figure><figure class='gallery-item'>\n\t\t\t<div class='gallery-icon landscape'>\n\t\t\t\t<a data-elementor-open-lightbox=\"yes\" data-elementor-lightbox-slideshow=\"47c262f7\" data-elementor-lightbox-title=\"ACD Systems Digital Imaging\" data-e-action-hash=\"#elementor-action%3Aaction%3Dlightbox%26settings%3DeyJpZCI6NjM0LCJ1cmwiOiJodHRwczpcL1wvaHBtLWhlZGVmZ3JvdXAuY29tXC93cC1jb250ZW50XC91cGxvYWRzXC8yMDI1XC8wMlwvSGFsdWstT3pzb3ktQ1YtYW5kLVBvcnRmb2xpby0yMDE4LnBkZi1pbWFnZS0xNzUuanBnIiwic2xpZGVzaG93IjoiNDdjMjYyZjcifQ%3D%3D\" href='https:\/\/hpm-hedefgroup.com\/wp-content\/uploads\/2025\/02\/Haluk-Ozsoy-CV-and-Portfolio-2018.pdf-image-175.jpg'><img loading=\"lazy\" decoding=\"async\" width=\"800\" height=\"600\" src=\"https:\/\/hpm-hedefgroup.com\/wp-content\/uploads\/2025\/02\/Haluk-Ozsoy-CV-and-Portfolio-2018.pdf-image-175.jpg\" class=\"attachment-full size-full\" alt=\"\" aria-describedby=\"gallery-1-634\" srcset=\"https:\/\/hpm-hedefgroup.com\/wp-content\/uploads\/2025\/02\/Haluk-Ozsoy-CV-and-Portfolio-2018.pdf-image-175.jpg 800w, https:\/\/hpm-hedefgroup.com\/wp-content\/uploads\/2025\/02\/Haluk-Ozsoy-CV-and-Portfolio-2018.pdf-image-175-300x225.jpg 300w, https:\/\/hpm-hedefgroup.com\/wp-content\/uploads\/2025\/02\/Haluk-Ozsoy-CV-and-Portfolio-2018.pdf-image-175-768x576.jpg 768w\" sizes=\"(max-width: 800px) 100vw, 800px\" \/><\/a>\n\t\t\t<\/div>\n\t\t\t\t<figcaption class='wp-caption-text gallery-caption' id='gallery-1-634'>\n\t\t\t\tACD Systems Digital Imaging\n\t\t\t\t<\/figcaption><\/figure><figure class='gallery-item'>\n\t\t\t<div class='gallery-icon landscape'>\n\t\t\t\t<a data-elementor-open-lightbox=\"yes\" data-elementor-lightbox-slideshow=\"47c262f7\" data-elementor-lightbox-title=\"ACD Systems Digital Imaging\" data-e-action-hash=\"#elementor-action%3Aaction%3Dlightbox%26settings%3DeyJpZCI6NjM1LCJ1cmwiOiJodHRwczpcL1wvaHBtLWhlZGVmZ3JvdXAuY29tXC93cC1jb250ZW50XC91cGxvYWRzXC8yMDI1XC8wMlwvSGFsdWstT3pzb3ktQ1YtYW5kLVBvcnRmb2xpby0yMDE4LnBkZi1pbWFnZS0xNzYuanBnIiwic2xpZGVzaG93IjoiNDdjMjYyZjcifQ%3D%3D\" href='https:\/\/hpm-hedefgroup.com\/wp-content\/uploads\/2025\/02\/Haluk-Ozsoy-CV-and-Portfolio-2018.pdf-image-176.jpg'><img loading=\"lazy\" decoding=\"async\" width=\"800\" height=\"600\" src=\"https:\/\/hpm-hedefgroup.com\/wp-content\/uploads\/2025\/02\/Haluk-Ozsoy-CV-and-Portfolio-2018.pdf-image-176.jpg\" class=\"attachment-full size-full\" alt=\"\" aria-describedby=\"gallery-1-635\" srcset=\"https:\/\/hpm-hedefgroup.com\/wp-content\/uploads\/2025\/02\/Haluk-Ozsoy-CV-and-Portfolio-2018.pdf-image-176.jpg 800w, https:\/\/hpm-hedefgroup.com\/wp-content\/uploads\/2025\/02\/Haluk-Ozsoy-CV-and-Portfolio-2018.pdf-image-176-300x225.jpg 300w, https:\/\/hpm-hedefgroup.com\/wp-content\/uploads\/2025\/02\/Haluk-Ozsoy-CV-and-Portfolio-2018.pdf-image-176-768x576.jpg 768w\" sizes=\"(max-width: 800px) 100vw, 800px\" \/><\/a>\n\t\t\t<\/div>\n\t\t\t\t<figcaption class='wp-caption-text gallery-caption' id='gallery-1-635'>\n\t\t\t\tACD Systems Digital Imaging\n\t\t\t\t<\/figcaption><\/figure>\n\t\t<\/div>\n\t\t<\/div>\n\t\t\t\t\t\t<\/div>\n\t\t\t\t<\/div>\n\t\t\t\t\t<\/div>\n\t\t\t\t<\/div>\n\t\t\t\t<\/div>\n\t\t","protected":false},"excerpt":{"rendered":"<p>Home Art Gallery Of National Bank Of Uzbekistan Art Gallery Of National Bank Of Uzbekistan Y\u00fcksel In\u015f. A.\u015e Location Tashkent-Uzbekistan Employer National Bank Of Uzbekistan Designer Project Value 9.000.000$ Turn-Key Contract ,8.500m2, 2003-2004 \u00a0Client : NBU (National Bank of Uzbekistan)\u00a0Position : Site Manager ACD Systems Digital Imaging ACD Systems Digital Imaging ACD Systems Digital Imaging [&hellip;]<\/p>\n","protected":false},"author":1,"featured_media":0,"parent":0,"menu_order":0,"comment_status":"closed","ping_status":"closed","template":"elementor_header_footer","meta":{"footnotes":""},"class_list":["post-624","page","type-page","status-publish","hentry"],"_links":{"self":[{"href":"https:\/\/hpm-hedefgroup.com\/index.php\/wp-json\/wp\/v2\/pages\/624","targetHints":{"allow":["GET"]}}],"collection":[{"href":"https:\/\/hpm-hedefgroup.com\/index.php\/wp-json\/wp\/v2\/pages"}],"about":[{"href":"https:\/\/hpm-hedefgroup.com\/index.php\/wp-json\/wp\/v2\/types\/page"}],"author":[{"embeddable":true,"href":"https:\/\/hpm-hedefgroup.com\/index.php\/wp-json\/wp\/v2\/users\/1"}],"replies":[{"embeddable":true,"href":"https:\/\/hpm-hedefgroup.com\/index.php\/wp-json\/wp\/v2\/comments?post=624"}],"version-history":[{"count":25,"href":"https:\/\/hpm-hedefgroup.com\/index.php\/wp-json\/wp\/v2\/pages\/624\/revisions"}],"predecessor-version":[{"id":1398,"href":"https:\/\/hpm-hedefgroup.com\/index.php\/wp-json\/wp\/v2\/pages\/624\/revisions\/1398"}],"wp:attachment":[{"href":"https:\/\/hpm-hedefgroup.com\/index.php\/wp-json\/wp\/v2\/media?parent=624"}],"curies":[{"name":"wp","href":"https:\/\/api.w.org\/{rel}","templated":true}]}}