{"id":603,"date":"2025-02-20T14:39:31","date_gmt":"2025-02-20T14:39:31","guid":{"rendered":"https:\/\/hpm-hedefgroup.com\/?page_id=603"},"modified":"2025-03-10T21:27:09","modified_gmt":"2025-03-10T21:27:09","slug":"tekaral-ins-san-ltd","status":"publish","type":"page","link":"https:\/\/hpm-hedefgroup.com\/index.php\/tekaral-ins-san-ltd\/","title":{"rendered":"Tekaral \u0130n\u015f. San. LTD"},"content":{"rendered":"\t\t<div data-elementor-type=\"wp-page\" data-elementor-id=\"603\" class=\"elementor elementor-603\">\n\t\t\t\t<div class=\"elementor-element elementor-element-547dbde9 e-flex e-con-boxed e-con e-parent\" data-id=\"547dbde9\" data-element_type=\"container\" data-e-type=\"container\" data-settings=\"{&quot;background_background&quot;:&quot;classic&quot;}\">\n\t\t\t\t\t<div class=\"e-con-inner\">\n\t\t<div class=\"elementor-element elementor-element-3e7e73ba e-con-full e-flex e-con e-child\" data-id=\"3e7e73ba\" data-element_type=\"container\" data-e-type=\"container\">\n\t\t\t\t<div class=\"elementor-element elementor-element-4cd51442 elementor-icon-list--layout-inline elementor-align-center elementor-mobile-align-center elementor-list-item-link-full_width elementor-widget elementor-widget-icon-list\" data-id=\"4cd51442\" data-element_type=\"widget\" data-e-type=\"widget\" data-widget_type=\"icon-list.default\">\n\t\t\t\t<div class=\"elementor-widget-container\">\n\t\t\t\t\t\t\t<ul class=\"elementor-icon-list-items elementor-inline-items\">\n\t\t\t\t\t\t\t<li class=\"elementor-icon-list-item elementor-inline-item\">\n\t\t\t\t\t\t\t\t\t\t<span class=\"elementor-icon-list-text\">Home<\/span>\n\t\t\t\t\t\t\t\t\t<\/li>\n\t\t\t\t\t\t\t\t<li class=\"elementor-icon-list-item elementor-inline-item\">\n\t\t\t\t\t\t\t\t\t\t\t<span class=\"elementor-icon-list-icon\">\n\t\t\t\t\t\t\t<i aria-hidden=\"true\" class=\"jki jki-slash-solid\"><\/i>\t\t\t\t\t\t<\/span>\n\t\t\t\t\t\t\t\t\t\t<span class=\"elementor-icon-list-text\">Zeugma Papillon Hotel 5 Stars<\/span>\n\t\t\t\t\t\t\t\t\t<\/li>\n\t\t\t\t\t\t<\/ul>\n\t\t\t\t\t\t<\/div>\n\t\t\t\t<\/div>\n\t\t\t\t<div class=\"elementor-element elementor-element-3ca06b08 elementor-invisible elementor-widget elementor-widget-heading\" data-id=\"3ca06b08\" data-element_type=\"widget\" data-e-type=\"widget\" data-settings=\"{&quot;_animation&quot;:&quot;fadeIn&quot;}\" data-widget_type=\"heading.default\">\n\t\t\t\t<div class=\"elementor-widget-container\">\n\t\t\t\t\t<h1 class=\"elementor-heading-title elementor-size-default\">Zeugma Papillon Hotel 5 Stars <br> Tekeral \u0130n\u015f. San. LTD. \u015eT\u0130<\/h1>\t\t\t\t<\/div>\n\t\t\t\t<\/div>\n\t\t\t\t<div class=\"elementor-element elementor-element-29ef1646 elementor-widget-divider--view-line elementor-invisible elementor-widget elementor-widget-divider\" data-id=\"29ef1646\" data-element_type=\"widget\" data-e-type=\"widget\" data-settings=\"{&quot;_animation&quot;:&quot;fadeIn&quot;,&quot;_animation_delay&quot;:&quot;100&quot;}\" data-widget_type=\"divider.default\">\n\t\t\t\t<div class=\"elementor-widget-container\">\n\t\t\t\t\t\t\t<div class=\"elementor-divider\">\n\t\t\t<span class=\"elementor-divider-separator\">\n\t\t\t\t\t\t<\/span>\n\t\t<\/div>\n\t\t\t\t\t\t<\/div>\n\t\t\t\t<\/div>\n\t\t\t\t<\/div>\n\t\t\t\t\t<\/div>\n\t\t\t\t<\/div>\n\t\t<div class=\"elementor-element elementor-element-44acc046 e-flex e-con-boxed e-con e-parent\" data-id=\"44acc046\" data-element_type=\"container\" data-e-type=\"container\" data-settings=\"{&quot;background_background&quot;:&quot;classic&quot;}\">\n\t\t\t\t\t<div class=\"e-con-inner\">\n\t\t<div class=\"elementor-element elementor-element-1a9c4753 e-con-full e-flex e-con e-child\" data-id=\"1a9c4753\" data-element_type=\"container\" data-e-type=\"container\">\n\t\t\t\t<div class=\"elementor-element elementor-element-6891cd83 elementor-view-default elementor-position-block-start elementor-mobile-position-block-start elementor-widget elementor-widget-icon-box\" data-id=\"6891cd83\" data-element_type=\"widget\" data-e-type=\"widget\" data-widget_type=\"icon-box.default\">\n\t\t\t\t<div class=\"elementor-widget-container\">\n\t\t\t\t\t\t\t<div class=\"elementor-icon-box-wrapper\">\n\n\t\t\t\t\t\t<div class=\"elementor-icon-box-icon\">\n\t\t\t\t<span  class=\"elementor-icon\">\n\t\t\t\t<i aria-hidden=\"true\" class=\"icon icon-google-map\"><\/i>\t\t\t\t<\/span>\n\t\t\t<\/div>\n\t\t\t\n\t\t\t\t\t\t<div class=\"elementor-icon-box-content\">\n\n\t\t\t\t\t\t\t\t\t<h3 class=\"elementor-icon-box-title\">\n\t\t\t\t\t\t<span  >\n\t\t\t\t\t\t\tLocation\t\t\t\t\t\t<\/span>\n\t\t\t\t\t<\/h3>\n\t\t\t\t\n\t\t\t\t\t\t\t\t\t<p class=\"elementor-icon-box-description\">\n\t\t\t\t\t\tBelek-Antalya-Turkey\t\t\t\t\t<\/p>\n\t\t\t\t\n\t\t\t<\/div>\n\t\t\t\n\t\t<\/div>\n\t\t\t\t\t\t<\/div>\n\t\t\t\t<\/div>\n\t\t\t\t<\/div>\n\t\t<div class=\"elementor-element elementor-element-6c34891f e-con-full e-flex e-con e-child\" data-id=\"6c34891f\" data-element_type=\"container\" data-e-type=\"container\">\n\t\t\t\t<div class=\"elementor-element elementor-element-487388e0 elementor-view-default elementor-position-block-start elementor-mobile-position-block-start elementor-widget elementor-widget-icon-box\" data-id=\"487388e0\" data-element_type=\"widget\" data-e-type=\"widget\" data-widget_type=\"icon-box.default\">\n\t\t\t\t<div class=\"elementor-widget-container\">\n\t\t\t\t\t\t\t<div class=\"elementor-icon-box-wrapper\">\n\n\t\t\t\t\t\t<div class=\"elementor-icon-box-icon\">\n\t\t\t\t<span  class=\"elementor-icon\">\n\t\t\t\t<i aria-hidden=\"true\" class=\"icon icon-Rating\"><\/i>\t\t\t\t<\/span>\n\t\t\t<\/div>\n\t\t\t\n\t\t\t\t\t\t<div class=\"elementor-icon-box-content\">\n\n\t\t\t\t\t\t\t\t\t<h3 class=\"elementor-icon-box-title\">\n\t\t\t\t\t\t<span  >\n\t\t\t\t\t\t\tEmployer\t\t\t\t\t\t<\/span>\n\t\t\t\t\t<\/h3>\n\t\t\t\t\n\t\t\t\t\t\t\t\t\t<p class=\"elementor-icon-box-description\">\n\t\t\t\t\t\tMuna Insaat A.S.\t\t\t\t\t<\/p>\n\t\t\t\t\n\t\t\t<\/div>\n\t\t\t\n\t\t<\/div>\n\t\t\t\t\t\t<\/div>\n\t\t\t\t<\/div>\n\t\t\t\t<\/div>\n\t\t<div class=\"elementor-element elementor-element-313a86c1 e-con-full e-flex e-con e-child\" data-id=\"313a86c1\" data-element_type=\"container\" data-e-type=\"container\">\n\t\t\t\t<div class=\"elementor-element elementor-element-326e025b elementor-view-default elementor-position-block-start elementor-mobile-position-block-start elementor-widget elementor-widget-icon-box\" data-id=\"326e025b\" data-element_type=\"widget\" data-e-type=\"widget\" data-widget_type=\"icon-box.default\">\n\t\t\t\t<div class=\"elementor-widget-container\">\n\t\t\t\t\t\t\t<div class=\"elementor-icon-box-wrapper\">\n\n\t\t\t\t\t\t<div class=\"elementor-icon-box-icon\">\n\t\t\t\t<span  class=\"elementor-icon\">\n\t\t\t\t<i aria-hidden=\"true\" class=\"icon icon-design\"><\/i>\t\t\t\t<\/span>\n\t\t\t<\/div>\n\t\t\t\n\t\t\t\t\t\t<div class=\"elementor-icon-box-content\">\n\n\t\t\t\t\t\t\t\t\t<h3 class=\"elementor-icon-box-title\">\n\t\t\t\t\t\t<span  >\n\t\t\t\t\t\t\tDesigner\t\t\t\t\t\t<\/span>\n\t\t\t\t\t<\/h3>\n\t\t\t\t\n\t\t\t\t\n\t\t\t<\/div>\n\t\t\t\n\t\t<\/div>\n\t\t\t\t\t\t<\/div>\n\t\t\t\t<\/div>\n\t\t\t\t<\/div>\n\t\t<div class=\"elementor-element elementor-element-271a52da e-con-full e-flex e-con e-child\" data-id=\"271a52da\" data-element_type=\"container\" data-e-type=\"container\">\n\t\t\t\t<div class=\"elementor-element elementor-element-75b8afc elementor-view-default elementor-position-block-start elementor-mobile-position-block-start elementor-widget elementor-widget-icon-box\" data-id=\"75b8afc\" data-element_type=\"widget\" data-e-type=\"widget\" data-widget_type=\"icon-box.default\">\n\t\t\t\t<div class=\"elementor-widget-container\">\n\t\t\t\t\t\t\t<div class=\"elementor-icon-box-wrapper\">\n\n\t\t\t\t\t\t<div class=\"elementor-icon-box-icon\">\n\t\t\t\t<span  class=\"elementor-icon\">\n\t\t\t\t<i aria-hidden=\"true\" class=\"icon icon-save-money\"><\/i>\t\t\t\t<\/span>\n\t\t\t<\/div>\n\t\t\t\n\t\t\t\t\t\t<div class=\"elementor-icon-box-content\">\n\n\t\t\t\t\t\t\t\t\t<h3 class=\"elementor-icon-box-title\">\n\t\t\t\t\t\t<span  >\n\t\t\t\t\t\t\tProject Value\t\t\t\t\t\t<\/span>\n\t\t\t\t\t<\/h3>\n\t\t\t\t\n\t\t\t\t\t\t\t\t\t<p class=\"elementor-icon-box-description\">\n\t\t\t\t\t\t800.000$\n\t\t\t\t\t<\/p>\n\t\t\t\t\n\t\t\t<\/div>\n\t\t\t\n\t\t<\/div>\n\t\t\t\t\t\t<\/div>\n\t\t\t\t<\/div>\n\t\t\t\t<\/div>\n\t\t\t\t\t<\/div>\n\t\t\t\t<\/div>\n\t\t<div class=\"elementor-element elementor-element-3eae3947 e-flex e-con-boxed e-con e-parent\" data-id=\"3eae3947\" data-element_type=\"container\" data-e-type=\"container\" data-settings=\"{&quot;background_background&quot;:&quot;classic&quot;}\">\n\t\t\t\t\t<div class=\"e-con-inner\">\n\t\t\t\t<div class=\"elementor-element elementor-element-53e27e22 gallery-spacing-custom elementor-widget elementor-widget-image-gallery\" data-id=\"53e27e22\" data-element_type=\"widget\" data-e-type=\"widget\" data-widget_type=\"image-gallery.default\">\n\t\t\t\t<div class=\"elementor-widget-container\">\n\t\t\t\t\t\t\t<div class=\"elementor-image-gallery\">\n\t\t\t<div id='gallery-1' class='gallery galleryid-603 gallery-columns-2 gallery-size-full'><figure class='gallery-item'>\n\t\t\t<div class='gallery-icon landscape'>\n\t\t\t\t<a data-elementor-open-lightbox=\"yes\" data-elementor-lightbox-slideshow=\"53e27e22\" data-elementor-lightbox-title=\"Haluk Ozsoy CV and Portfolio 2018.pdf-image-209\" data-e-action-hash=\"#elementor-action%3Aaction%3Dlightbox%26settings%3DeyJpZCI6NjA1LCJ1cmwiOiJodHRwczpcL1wvaHBtLWhlZGVmZ3JvdXAuY29tXC93cC1jb250ZW50XC91cGxvYWRzXC8yMDI1XC8wMlwvSGFsdWstT3pzb3ktQ1YtYW5kLVBvcnRmb2xpby0yMDE4LnBkZi1pbWFnZS0yMDktMS5qcGciLCJzbGlkZXNob3ciOiI1M2UyN2UyMiJ9\" href='https:\/\/hpm-hedefgroup.com\/wp-content\/uploads\/2025\/02\/Haluk-Ozsoy-CV-and-Portfolio-2018.pdf-image-209-1.jpg'><img fetchpriority=\"high\" decoding=\"async\" width=\"800\" height=\"533\" src=\"https:\/\/hpm-hedefgroup.com\/wp-content\/uploads\/2025\/02\/Haluk-Ozsoy-CV-and-Portfolio-2018.pdf-image-209-1.jpg\" class=\"attachment-full size-full\" alt=\"\" srcset=\"https:\/\/hpm-hedefgroup.com\/wp-content\/uploads\/2025\/02\/Haluk-Ozsoy-CV-and-Portfolio-2018.pdf-image-209-1.jpg 800w, https:\/\/hpm-hedefgroup.com\/wp-content\/uploads\/2025\/02\/Haluk-Ozsoy-CV-and-Portfolio-2018.pdf-image-209-1-300x200.jpg 300w, https:\/\/hpm-hedefgroup.com\/wp-content\/uploads\/2025\/02\/Haluk-Ozsoy-CV-and-Portfolio-2018.pdf-image-209-1-768x512.jpg 768w\" sizes=\"(max-width: 800px) 100vw, 800px\" \/><\/a>\n\t\t\t<\/div><\/figure><figure class='gallery-item'>\n\t\t\t<div class='gallery-icon landscape'>\n\t\t\t\t<a data-elementor-open-lightbox=\"yes\" data-elementor-lightbox-slideshow=\"53e27e22\" data-elementor-lightbox-title=\"Haluk Ozsoy CV and Portfolio 2018.pdf-image-210\" data-e-action-hash=\"#elementor-action%3Aaction%3Dlightbox%26settings%3DeyJpZCI6NjA2LCJ1cmwiOiJodHRwczpcL1wvaHBtLWhlZGVmZ3JvdXAuY29tXC93cC1jb250ZW50XC91cGxvYWRzXC8yMDI1XC8wMlwvSGFsdWstT3pzb3ktQ1YtYW5kLVBvcnRmb2xpby0yMDE4LnBkZi1pbWFnZS0yMTAuanBnIiwic2xpZGVzaG93IjoiNTNlMjdlMjIifQ%3D%3D\" href='https:\/\/hpm-hedefgroup.com\/wp-content\/uploads\/2025\/02\/Haluk-Ozsoy-CV-and-Portfolio-2018.pdf-image-210.jpg'><img decoding=\"async\" width=\"800\" height=\"533\" src=\"https:\/\/hpm-hedefgroup.com\/wp-content\/uploads\/2025\/02\/Haluk-Ozsoy-CV-and-Portfolio-2018.pdf-image-210.jpg\" class=\"attachment-full size-full\" alt=\"\" srcset=\"https:\/\/hpm-hedefgroup.com\/wp-content\/uploads\/2025\/02\/Haluk-Ozsoy-CV-and-Portfolio-2018.pdf-image-210.jpg 800w, https:\/\/hpm-hedefgroup.com\/wp-content\/uploads\/2025\/02\/Haluk-Ozsoy-CV-and-Portfolio-2018.pdf-image-210-300x200.jpg 300w, https:\/\/hpm-hedefgroup.com\/wp-content\/uploads\/2025\/02\/Haluk-Ozsoy-CV-and-Portfolio-2018.pdf-image-210-768x512.jpg 768w\" sizes=\"(max-width: 800px) 100vw, 800px\" \/><\/a>\n\t\t\t<\/div><\/figure><figure class='gallery-item'>\n\t\t\t<div class='gallery-icon landscape'>\n\t\t\t\t<a data-elementor-open-lightbox=\"yes\" data-elementor-lightbox-slideshow=\"53e27e22\" data-elementor-lightbox-title=\"Haluk Ozsoy CV and Portfolio 2018.pdf-image-215\" data-e-action-hash=\"#elementor-action%3Aaction%3Dlightbox%26settings%3DeyJpZCI6NjA3LCJ1cmwiOiJodHRwczpcL1wvaHBtLWhlZGVmZ3JvdXAuY29tXC93cC1jb250ZW50XC91cGxvYWRzXC8yMDI1XC8wMlwvSGFsdWstT3pzb3ktQ1YtYW5kLVBvcnRmb2xpby0yMDE4LnBkZi1pbWFnZS0yMTUuanBnIiwic2xpZGVzaG93IjoiNTNlMjdlMjIifQ%3D%3D\" href='https:\/\/hpm-hedefgroup.com\/wp-content\/uploads\/2025\/02\/Haluk-Ozsoy-CV-and-Portfolio-2018.pdf-image-215.jpg'><img decoding=\"async\" width=\"800\" height=\"533\" src=\"https:\/\/hpm-hedefgroup.com\/wp-content\/uploads\/2025\/02\/Haluk-Ozsoy-CV-and-Portfolio-2018.pdf-image-215.jpg\" class=\"attachment-full size-full\" alt=\"\" srcset=\"https:\/\/hpm-hedefgroup.com\/wp-content\/uploads\/2025\/02\/Haluk-Ozsoy-CV-and-Portfolio-2018.pdf-image-215.jpg 800w, https:\/\/hpm-hedefgroup.com\/wp-content\/uploads\/2025\/02\/Haluk-Ozsoy-CV-and-Portfolio-2018.pdf-image-215-300x200.jpg 300w, https:\/\/hpm-hedefgroup.com\/wp-content\/uploads\/2025\/02\/Haluk-Ozsoy-CV-and-Portfolio-2018.pdf-image-215-768x512.jpg 768w\" sizes=\"(max-width: 800px) 100vw, 800px\" \/><\/a>\n\t\t\t<\/div><\/figure><figure class='gallery-item'>\n\t\t\t<div class='gallery-icon landscape'>\n\t\t\t\t<a data-elementor-open-lightbox=\"yes\" data-elementor-lightbox-slideshow=\"53e27e22\" data-elementor-lightbox-title=\"Haluk Ozsoy CV and Portfolio 2018.pdf-image-216\" data-e-action-hash=\"#elementor-action%3Aaction%3Dlightbox%26settings%3DeyJpZCI6NjA4LCJ1cmwiOiJodHRwczpcL1wvaHBtLWhlZGVmZ3JvdXAuY29tXC93cC1jb250ZW50XC91cGxvYWRzXC8yMDI1XC8wMlwvSGFsdWstT3pzb3ktQ1YtYW5kLVBvcnRmb2xpby0yMDE4LnBkZi1pbWFnZS0yMTYuanBnIiwic2xpZGVzaG93IjoiNTNlMjdlMjIifQ%3D%3D\" href='https:\/\/hpm-hedefgroup.com\/wp-content\/uploads\/2025\/02\/Haluk-Ozsoy-CV-and-Portfolio-2018.pdf-image-216.jpg'><img loading=\"lazy\" decoding=\"async\" width=\"800\" height=\"533\" src=\"https:\/\/hpm-hedefgroup.com\/wp-content\/uploads\/2025\/02\/Haluk-Ozsoy-CV-and-Portfolio-2018.pdf-image-216.jpg\" class=\"attachment-full size-full\" alt=\"\" srcset=\"https:\/\/hpm-hedefgroup.com\/wp-content\/uploads\/2025\/02\/Haluk-Ozsoy-CV-and-Portfolio-2018.pdf-image-216.jpg 800w, https:\/\/hpm-hedefgroup.com\/wp-content\/uploads\/2025\/02\/Haluk-Ozsoy-CV-and-Portfolio-2018.pdf-image-216-300x200.jpg 300w, https:\/\/hpm-hedefgroup.com\/wp-content\/uploads\/2025\/02\/Haluk-Ozsoy-CV-and-Portfolio-2018.pdf-image-216-768x512.jpg 768w\" sizes=\"(max-width: 800px) 100vw, 800px\" \/><\/a>\n\t\t\t<\/div><\/figure>\n\t\t<\/div>\n\t\t<\/div>\n\t\t\t\t\t\t<\/div>\n\t\t\t\t<\/div>\n\t\t\t\t\t<\/div>\n\t\t\t\t<\/div>\n\t\t\t\t<\/div>\n\t\t","protected":false},"excerpt":{"rendered":"<p>Home Zeugma Papillon Hotel 5 Stars Zeugma Papillon Hotel 5 Stars Tekeral \u0130n\u015f. San. LTD. \u015eT\u0130 Location Belek-Antalya-Turkey Employer Muna Insaat A.S. Designer Project Value 800.000$<\/p>\n","protected":false},"author":1,"featured_media":0,"parent":0,"menu_order":0,"comment_status":"closed","ping_status":"closed","template":"elementor_header_footer","meta":{"footnotes":""},"class_list":["post-603","page","type-page","status-publish","hentry"],"_links":{"self":[{"href":"https:\/\/hpm-hedefgroup.com\/index.php\/wp-json\/wp\/v2\/pages\/603","targetHints":{"allow":["GET"]}}],"collection":[{"href":"https:\/\/hpm-hedefgroup.com\/index.php\/wp-json\/wp\/v2\/pages"}],"about":[{"href":"https:\/\/hpm-hedefgroup.com\/index.php\/wp-json\/wp\/v2\/types\/page"}],"author":[{"embeddable":true,"href":"https:\/\/hpm-hedefgroup.com\/index.php\/wp-json\/wp\/v2\/users\/1"}],"replies":[{"embeddable":true,"href":"https:\/\/hpm-hedefgroup.com\/index.php\/wp-json\/wp\/v2\/comments?post=603"}],"version-history":[{"count":22,"href":"https:\/\/hpm-hedefgroup.com\/index.php\/wp-json\/wp\/v2\/pages\/603\/revisions"}],"predecessor-version":[{"id":1376,"href":"https:\/\/hpm-hedefgroup.com\/index.php\/wp-json\/wp\/v2\/pages\/603\/revisions\/1376"}],"wp:attachment":[{"href":"https:\/\/hpm-hedefgroup.com\/index.php\/wp-json\/wp\/v2\/media?parent=603"}],"curies":[{"name":"wp","href":"https:\/\/api.w.org\/{rel}","templated":true}]}}