{"id":425,"date":"2025-02-19T18:21:03","date_gmt":"2025-02-19T18:21:03","guid":{"rendered":"https:\/\/hpm-hedefgroup.com\/?page_id=425"},"modified":"2025-03-10T21:32:42","modified_gmt":"2025-03-10T21:32:42","slug":"ant-yapi","status":"publish","type":"page","link":"https:\/\/hpm-hedefgroup.com\/index.php\/ant-yapi\/","title":{"rendered":"ANT Yap\u0131"},"content":{"rendered":"\t\t<div data-elementor-type=\"wp-page\" data-elementor-id=\"425\" class=\"elementor elementor-425\">\n\t\t\t\t<div class=\"elementor-element elementor-element-737d0a90 e-flex e-con-boxed e-con e-parent\" data-id=\"737d0a90\" data-element_type=\"container\" data-e-type=\"container\" data-settings=\"{&quot;background_background&quot;:&quot;classic&quot;}\">\n\t\t\t\t\t<div class=\"e-con-inner\">\n\t\t<div class=\"elementor-element elementor-element-4a04b1df e-con-full e-flex e-con e-child\" data-id=\"4a04b1df\" data-element_type=\"container\" data-e-type=\"container\">\n\t\t\t\t<div class=\"elementor-element elementor-element-55d422ee elementor-icon-list--layout-inline elementor-align-center elementor-mobile-align-center elementor-list-item-link-full_width elementor-widget elementor-widget-icon-list\" data-id=\"55d422ee\" data-element_type=\"widget\" data-e-type=\"widget\" data-widget_type=\"icon-list.default\">\n\t\t\t\t<div class=\"elementor-widget-container\">\n\t\t\t\t\t\t\t<ul class=\"elementor-icon-list-items elementor-inline-items\">\n\t\t\t\t\t\t\t<li class=\"elementor-icon-list-item elementor-inline-item\">\n\t\t\t\t\t\t\t\t\t\t<span class=\"elementor-icon-list-text\">Home<\/span>\n\t\t\t\t\t\t\t\t\t<\/li>\n\t\t\t\t\t\t\t\t<li class=\"elementor-icon-list-item elementor-inline-item\">\n\t\t\t\t\t\t\t\t\t\t\t<span class=\"elementor-icon-list-icon\">\n\t\t\t\t\t\t\t<i aria-hidden=\"true\" class=\"jki jki-slash-solid\"><\/i>\t\t\t\t\t\t<\/span>\n\t\t\t\t\t\t\t\t\t\t<span class=\"elementor-icon-list-text\">Antorman Residental Project<\/span>\n\t\t\t\t\t\t\t\t\t<\/li>\n\t\t\t\t\t\t<\/ul>\n\t\t\t\t\t\t<\/div>\n\t\t\t\t<\/div>\n\t\t\t\t<div class=\"elementor-element elementor-element-45a639a4 elementor-invisible elementor-widget elementor-widget-heading\" data-id=\"45a639a4\" data-element_type=\"widget\" data-e-type=\"widget\" data-settings=\"{&quot;_animation&quot;:&quot;fadeIn&quot;}\" data-widget_type=\"heading.default\">\n\t\t\t\t<div class=\"elementor-widget-container\">\n\t\t\t\t\t<h1 class=\"elementor-heading-title elementor-size-default\">Antorman Residence Project <br> Ant Konut A.S - Ant Yap\u0131<\/h1>\t\t\t\t<\/div>\n\t\t\t\t<\/div>\n\t\t\t\t<div class=\"elementor-element elementor-element-1562d90c elementor-widget-divider--view-line elementor-invisible elementor-widget elementor-widget-divider\" data-id=\"1562d90c\" data-element_type=\"widget\" data-e-type=\"widget\" data-settings=\"{&quot;_animation&quot;:&quot;fadeIn&quot;,&quot;_animation_delay&quot;:&quot;100&quot;}\" data-widget_type=\"divider.default\">\n\t\t\t\t<div class=\"elementor-widget-container\">\n\t\t\t\t\t\t\t<div class=\"elementor-divider\">\n\t\t\t<span class=\"elementor-divider-separator\">\n\t\t\t\t\t\t<\/span>\n\t\t<\/div>\n\t\t\t\t\t\t<\/div>\n\t\t\t\t<\/div>\n\t\t\t\t<\/div>\n\t\t\t\t\t<\/div>\n\t\t\t\t<\/div>\n\t\t<div class=\"elementor-element elementor-element-4a15a1e e-flex e-con-boxed e-con e-parent\" data-id=\"4a15a1e\" data-element_type=\"container\" data-e-type=\"container\" data-settings=\"{&quot;background_background&quot;:&quot;classic&quot;}\">\n\t\t\t\t\t<div class=\"e-con-inner\">\n\t\t<div class=\"elementor-element elementor-element-4bc3d2e e-con-full e-flex e-con e-child\" data-id=\"4bc3d2e\" data-element_type=\"container\" data-e-type=\"container\">\n\t\t\t\t<div class=\"elementor-element elementor-element-e0789ea elementor-view-default elementor-position-block-start elementor-mobile-position-block-start elementor-widget elementor-widget-icon-box\" data-id=\"e0789ea\" data-element_type=\"widget\" data-e-type=\"widget\" data-widget_type=\"icon-box.default\">\n\t\t\t\t<div class=\"elementor-widget-container\">\n\t\t\t\t\t\t\t<div class=\"elementor-icon-box-wrapper\">\n\n\t\t\t\t\t\t<div class=\"elementor-icon-box-icon\">\n\t\t\t\t<span  class=\"elementor-icon\">\n\t\t\t\t<i aria-hidden=\"true\" class=\"icon icon-google-map\"><\/i>\t\t\t\t<\/span>\n\t\t\t<\/div>\n\t\t\t\n\t\t\t\t\t\t<div class=\"elementor-icon-box-content\">\n\n\t\t\t\t\t\t\t\t\t<h3 class=\"elementor-icon-box-title\">\n\t\t\t\t\t\t<span  >\n\t\t\t\t\t\t\tLocation\t\t\t\t\t\t<\/span>\n\t\t\t\t\t<\/h3>\n\t\t\t\t\n\t\t\t\t\t\t\t\t\t<p class=\"elementor-icon-box-description\">\n\t\t\t\t\t\tANTORMAN Rezidans Projesi\n\u00c7ekmek\u00f6y-\u0130stanbul \/ T\u00fcrkiye\t\t\t\t\t<\/p>\n\t\t\t\t\n\t\t\t<\/div>\n\t\t\t\n\t\t<\/div>\n\t\t\t\t\t\t<\/div>\n\t\t\t\t<\/div>\n\t\t\t\t<\/div>\n\t\t<div class=\"elementor-element elementor-element-fd2b49f e-con-full e-flex e-con e-child\" data-id=\"fd2b49f\" data-element_type=\"container\" data-e-type=\"container\">\n\t\t\t\t<div class=\"elementor-element elementor-element-7339519 elementor-view-default elementor-position-block-start elementor-mobile-position-block-start elementor-widget elementor-widget-icon-box\" data-id=\"7339519\" data-element_type=\"widget\" data-e-type=\"widget\" data-widget_type=\"icon-box.default\">\n\t\t\t\t<div class=\"elementor-widget-container\">\n\t\t\t\t\t\t\t<div class=\"elementor-icon-box-wrapper\">\n\n\t\t\t\t\t\t<div class=\"elementor-icon-box-icon\">\n\t\t\t\t<span  class=\"elementor-icon\">\n\t\t\t\t<i aria-hidden=\"true\" class=\"icon icon-Rating\"><\/i>\t\t\t\t<\/span>\n\t\t\t<\/div>\n\t\t\t\n\t\t\t\t\t\t<div class=\"elementor-icon-box-content\">\n\n\t\t\t\t\t\t\t\t\t<h3 class=\"elementor-icon-box-title\">\n\t\t\t\t\t\t<span  >\n\t\t\t\t\t\t\tEmployer\t\t\t\t\t\t<\/span>\n\t\t\t\t\t<\/h3>\n\t\t\t\t\n\t\t\t\t\t\t\t\t\t<p class=\"elementor-icon-box-description\">\n\t\t\t\t\t\tANT KONUT A.S\t\t\t\t\t<\/p>\n\t\t\t\t\n\t\t\t<\/div>\n\t\t\t\n\t\t<\/div>\n\t\t\t\t\t\t<\/div>\n\t\t\t\t<\/div>\n\t\t\t\t<\/div>\n\t\t<div class=\"elementor-element elementor-element-83b8226 e-con-full e-flex e-con e-child\" data-id=\"83b8226\" data-element_type=\"container\" data-e-type=\"container\">\n\t\t\t\t<div class=\"elementor-element elementor-element-483830a elementor-view-default elementor-position-block-start elementor-mobile-position-block-start elementor-widget elementor-widget-icon-box\" data-id=\"483830a\" data-element_type=\"widget\" data-e-type=\"widget\" data-widget_type=\"icon-box.default\">\n\t\t\t\t<div class=\"elementor-widget-container\">\n\t\t\t\t\t\t\t<div class=\"elementor-icon-box-wrapper\">\n\n\t\t\t\t\t\t<div class=\"elementor-icon-box-icon\">\n\t\t\t\t<span  class=\"elementor-icon\">\n\t\t\t\t<i aria-hidden=\"true\" class=\"icon icon-design\"><\/i>\t\t\t\t<\/span>\n\t\t\t<\/div>\n\t\t\t\n\t\t\t\t\t\t<div class=\"elementor-icon-box-content\">\n\n\t\t\t\t\t\t\t\t\t<h3 class=\"elementor-icon-box-title\">\n\t\t\t\t\t\t<span  >\n\t\t\t\t\t\t\tDesigner\t\t\t\t\t\t<\/span>\n\t\t\t\t\t<\/h3>\n\t\t\t\t\n\t\t\t\t\t\t\t\t\t<p class=\"elementor-icon-box-description\">\n\t\t\t\t\t\tARMA\nARCHITECTURAL\t\t\t\t\t<\/p>\n\t\t\t\t\n\t\t\t<\/div>\n\t\t\t\n\t\t<\/div>\n\t\t\t\t\t\t<\/div>\n\t\t\t\t<\/div>\n\t\t\t\t<\/div>\n\t\t<div class=\"elementor-element elementor-element-7ff8b60 e-con-full e-flex e-con e-child\" data-id=\"7ff8b60\" data-element_type=\"container\" data-e-type=\"container\">\n\t\t\t\t<div class=\"elementor-element elementor-element-9ecc3e1 elementor-view-default elementor-position-block-start elementor-mobile-position-block-start elementor-widget elementor-widget-icon-box\" data-id=\"9ecc3e1\" data-element_type=\"widget\" data-e-type=\"widget\" data-widget_type=\"icon-box.default\">\n\t\t\t\t<div class=\"elementor-widget-container\">\n\t\t\t\t\t\t\t<div class=\"elementor-icon-box-wrapper\">\n\n\t\t\t\t\t\t<div class=\"elementor-icon-box-icon\">\n\t\t\t\t<span  class=\"elementor-icon\">\n\t\t\t\t<i aria-hidden=\"true\" class=\"icon icon-save-money\"><\/i>\t\t\t\t<\/span>\n\t\t\t<\/div>\n\t\t\t\n\t\t\t\t\t\t<div class=\"elementor-icon-box-content\">\n\n\t\t\t\t\t\t\t\t\t<h3 class=\"elementor-icon-box-title\">\n\t\t\t\t\t\t<span  >\n\t\t\t\t\t\t\tProject Value\t\t\t\t\t\t<\/span>\n\t\t\t\t\t<\/h3>\n\t\t\t\t\n\t\t\t\t\t\t\t\t\t<p class=\"elementor-icon-box-description\">\n\t\t\t\t\t\t30.000.000$\n\t\t\t\t\t<\/p>\n\t\t\t\t\n\t\t\t<\/div>\n\t\t\t\n\t\t<\/div>\n\t\t\t\t\t\t<\/div>\n\t\t\t\t<\/div>\n\t\t\t\t<\/div>\n\t\t\t\t\t<\/div>\n\t\t\t\t<\/div>\n\t\t<div class=\"elementor-element elementor-element-16fa686 e-flex e-con-boxed e-con e-parent\" data-id=\"16fa686\" data-element_type=\"container\" data-e-type=\"container\" data-settings=\"{&quot;background_background&quot;:&quot;classic&quot;}\">\n\t\t\t\t\t<div class=\"e-con-inner\">\n\t\t\t\t<div class=\"elementor-element elementor-element-3ba5f17 elementor-widget elementor-widget-text-editor\" data-id=\"3ba5f17\" data-element_type=\"widget\" data-e-type=\"widget\" data-widget_type=\"text-editor.default\">\n\t\t\t\t<div class=\"elementor-widget-container\">\n\t\t\t\t\t\t\t\t\t<p data-start=\"0\" data-end=\"295\">The project, developed by the contractor Ant Yap\u0131, has a total enclosed area of 50,000 m\u00b2. It includes 137 residential units consisting of duplexes, villas, and apartments, along with a 9,000 m\u00b2 garden, one outdoor swimming pool, one retractable swimming pool, sports areas, and a health club.<\/p><p>https:\/\/www.antyapi.com.tr\/projeler\/antorman\/<\/p><p data-start=\"362\" data-end=\"401\"><strong data-start=\"362\" data-end=\"390\">Project Completion Date:<\/strong> May 2013<\/p><p><strong data-start=\"405\" data-end=\"416\">Client:<\/strong> ANT YAPI \u0130n\u015f. San. ve Tic. Ltd. \u015eti, Istanbul<\/p><p><strong data-start=\"467\" data-end=\"478\">Design:<\/strong> ARMA Mimarl\u0131k, Istanbul<\/p><p><strong data-start=\"507\" data-end=\"516\">Position:<\/strong> Project Manager<\/p>\t\t\t\t\t\t\t\t<\/div>\n\t\t\t\t<\/div>\n\t\t\t\t\t<\/div>\n\t\t\t\t<\/div>\n\t\t<div class=\"elementor-element elementor-element-ae25a12 e-flex e-con-boxed e-con e-parent\" data-id=\"ae25a12\" data-element_type=\"container\" data-e-type=\"container\" data-settings=\"{&quot;background_background&quot;:&quot;classic&quot;}\">\n\t\t\t\t\t<div class=\"e-con-inner\">\n\t\t\t\t<div class=\"elementor-element elementor-element-3d2099f gallery-spacing-custom elementor-widget elementor-widget-image-gallery\" data-id=\"3d2099f\" data-element_type=\"widget\" data-e-type=\"widget\" data-widget_type=\"image-gallery.default\">\n\t\t\t\t<div class=\"elementor-widget-container\">\n\t\t\t\t\t\t\t<div class=\"elementor-image-gallery\">\n\t\t\t<div id='gallery-1' class='gallery galleryid-425 gallery-columns-2 gallery-size-full'><figure class='gallery-item'>\n\t\t\t<div class='gallery-icon landscape'>\n\t\t\t\t<a data-elementor-open-lightbox=\"yes\" data-elementor-lightbox-slideshow=\"3d2099f\" data-elementor-lightbox-title=\"Haluk Ozsoy CV and Portfolio 2018.pdf-image-046\" data-e-action-hash=\"#elementor-action%3Aaction%3Dlightbox%26settings%3DeyJpZCI6NDMzLCJ1cmwiOiJodHRwczpcL1wvaHBtLWhlZGVmZ3JvdXAuY29tXC93cC1jb250ZW50XC91cGxvYWRzXC8yMDI1XC8wMlwvSGFsdWstT3pzb3ktQ1YtYW5kLVBvcnRmb2xpby0yMDE4LnBkZi1pbWFnZS0wNDYtMS5qcGciLCJzbGlkZXNob3ciOiIzZDIwOTlmIn0%3D\" href='https:\/\/hpm-hedefgroup.com\/wp-content\/uploads\/2025\/02\/Haluk-Ozsoy-CV-and-Portfolio-2018.pdf-image-046-1.jpg'><img fetchpriority=\"high\" decoding=\"async\" width=\"600\" height=\"400\" src=\"https:\/\/hpm-hedefgroup.com\/wp-content\/uploads\/2025\/02\/Haluk-Ozsoy-CV-and-Portfolio-2018.pdf-image-046-1.jpg\" class=\"attachment-full size-full\" alt=\"\" srcset=\"https:\/\/hpm-hedefgroup.com\/wp-content\/uploads\/2025\/02\/Haluk-Ozsoy-CV-and-Portfolio-2018.pdf-image-046-1.jpg 600w, https:\/\/hpm-hedefgroup.com\/wp-content\/uploads\/2025\/02\/Haluk-Ozsoy-CV-and-Portfolio-2018.pdf-image-046-1-300x200.jpg 300w\" sizes=\"(max-width: 600px) 100vw, 600px\" \/><\/a>\n\t\t\t<\/div><\/figure><figure class='gallery-item'>\n\t\t\t<div class='gallery-icon landscape'>\n\t\t\t\t<a data-elementor-open-lightbox=\"yes\" data-elementor-lightbox-slideshow=\"3d2099f\" data-elementor-lightbox-title=\"Haluk Ozsoy CV and Portfolio 2018.pdf-image-047\" data-e-action-hash=\"#elementor-action%3Aaction%3Dlightbox%26settings%3DeyJpZCI6NDM0LCJ1cmwiOiJodHRwczpcL1wvaHBtLWhlZGVmZ3JvdXAuY29tXC93cC1jb250ZW50XC91cGxvYWRzXC8yMDI1XC8wMlwvSGFsdWstT3pzb3ktQ1YtYW5kLVBvcnRmb2xpby0yMDE4LnBkZi1pbWFnZS0wNDcuanBnIiwic2xpZGVzaG93IjoiM2QyMDk5ZiJ9\" href='https:\/\/hpm-hedefgroup.com\/wp-content\/uploads\/2025\/02\/Haluk-Ozsoy-CV-and-Portfolio-2018.pdf-image-047.jpg'><img decoding=\"async\" width=\"600\" height=\"400\" src=\"https:\/\/hpm-hedefgroup.com\/wp-content\/uploads\/2025\/02\/Haluk-Ozsoy-CV-and-Portfolio-2018.pdf-image-047.jpg\" class=\"attachment-full size-full\" alt=\"\" srcset=\"https:\/\/hpm-hedefgroup.com\/wp-content\/uploads\/2025\/02\/Haluk-Ozsoy-CV-and-Portfolio-2018.pdf-image-047.jpg 600w, https:\/\/hpm-hedefgroup.com\/wp-content\/uploads\/2025\/02\/Haluk-Ozsoy-CV-and-Portfolio-2018.pdf-image-047-300x200.jpg 300w\" sizes=\"(max-width: 600px) 100vw, 600px\" \/><\/a>\n\t\t\t<\/div><\/figure><figure class='gallery-item'>\n\t\t\t<div class='gallery-icon landscape'>\n\t\t\t\t<a data-elementor-open-lightbox=\"yes\" data-elementor-lightbox-slideshow=\"3d2099f\" data-elementor-lightbox-title=\"1\" data-e-action-hash=\"#elementor-action%3Aaction%3Dlightbox%26settings%3DeyJpZCI6MTA4NywidXJsIjoiaHR0cHM6XC9cL2hwbS1oZWRlZmdyb3VwLmNvbVwvd3AtY29udGVudFwvdXBsb2Fkc1wvMjAyNVwvMDNcLzEucG5nIiwic2xpZGVzaG93IjoiM2QyMDk5ZiJ9\" href='https:\/\/hpm-hedefgroup.com\/wp-content\/uploads\/2025\/03\/1.png'><img decoding=\"async\" width=\"454\" height=\"314\" src=\"https:\/\/hpm-hedefgroup.com\/wp-content\/uploads\/2025\/03\/1.png\" class=\"attachment-full size-full\" alt=\"\" srcset=\"https:\/\/hpm-hedefgroup.com\/wp-content\/uploads\/2025\/03\/1.png 454w, https:\/\/hpm-hedefgroup.com\/wp-content\/uploads\/2025\/03\/1-300x207.png 300w\" sizes=\"(max-width: 454px) 100vw, 454px\" \/><\/a>\n\t\t\t<\/div><\/figure><figure class='gallery-item'>\n\t\t\t<div class='gallery-icon landscape'>\n\t\t\t\t<a data-elementor-open-lightbox=\"yes\" data-elementor-lightbox-slideshow=\"3d2099f\" data-elementor-lightbox-title=\"2\" data-e-action-hash=\"#elementor-action%3Aaction%3Dlightbox%26settings%3DeyJpZCI6MTA4OCwidXJsIjoiaHR0cHM6XC9cL2hwbS1oZWRlZmdyb3VwLmNvbVwvd3AtY29udGVudFwvdXBsb2Fkc1wvMjAyNVwvMDNcLzIucG5nIiwic2xpZGVzaG93IjoiM2QyMDk5ZiJ9\" href='https:\/\/hpm-hedefgroup.com\/wp-content\/uploads\/2025\/03\/2.png'><img loading=\"lazy\" decoding=\"async\" width=\"575\" height=\"325\" src=\"https:\/\/hpm-hedefgroup.com\/wp-content\/uploads\/2025\/03\/2.png\" class=\"attachment-full size-full\" alt=\"\" srcset=\"https:\/\/hpm-hedefgroup.com\/wp-content\/uploads\/2025\/03\/2.png 575w, https:\/\/hpm-hedefgroup.com\/wp-content\/uploads\/2025\/03\/2-300x170.png 300w\" sizes=\"(max-width: 575px) 100vw, 575px\" \/><\/a>\n\t\t\t<\/div><\/figure><figure class='gallery-item'>\n\t\t\t<div class='gallery-icon landscape'>\n\t\t\t\t<a data-elementor-open-lightbox=\"yes\" data-elementor-lightbox-slideshow=\"3d2099f\" data-elementor-lightbox-title=\"3\" data-e-action-hash=\"#elementor-action%3Aaction%3Dlightbox%26settings%3DeyJpZCI6MTA4OSwidXJsIjoiaHR0cHM6XC9cL2hwbS1oZWRlZmdyb3VwLmNvbVwvd3AtY29udGVudFwvdXBsb2Fkc1wvMjAyNVwvMDNcLzMucG5nIiwic2xpZGVzaG93IjoiM2QyMDk5ZiJ9\" href='https:\/\/hpm-hedefgroup.com\/wp-content\/uploads\/2025\/03\/3.png'><img loading=\"lazy\" decoding=\"async\" width=\"574\" height=\"327\" src=\"https:\/\/hpm-hedefgroup.com\/wp-content\/uploads\/2025\/03\/3.png\" class=\"attachment-full size-full\" alt=\"\" srcset=\"https:\/\/hpm-hedefgroup.com\/wp-content\/uploads\/2025\/03\/3.png 574w, https:\/\/hpm-hedefgroup.com\/wp-content\/uploads\/2025\/03\/3-300x171.png 300w\" sizes=\"(max-width: 574px) 100vw, 574px\" \/><\/a>\n\t\t\t<\/div><\/figure><figure class='gallery-item'>\n\t\t\t<div class='gallery-icon landscape'>\n\t\t\t\t<a data-elementor-open-lightbox=\"yes\" data-elementor-lightbox-slideshow=\"3d2099f\" data-elementor-lightbox-title=\"Haluk Ozsoy CV and Portfolio 2018.pdf-image-048\" data-e-action-hash=\"#elementor-action%3Aaction%3Dlightbox%26settings%3DeyJpZCI6NDMxLCJ1cmwiOiJodHRwczpcL1wvaHBtLWhlZGVmZ3JvdXAuY29tXC93cC1jb250ZW50XC91cGxvYWRzXC8yMDI1XC8wMlwvSGFsdWstT3pzb3ktQ1YtYW5kLVBvcnRmb2xpby0yMDE4LnBkZi1pbWFnZS0wNDguanBnIiwic2xpZGVzaG93IjoiM2QyMDk5ZiJ9\" href='https:\/\/hpm-hedefgroup.com\/wp-content\/uploads\/2025\/02\/Haluk-Ozsoy-CV-and-Portfolio-2018.pdf-image-048.jpg'><img loading=\"lazy\" decoding=\"async\" width=\"745\" height=\"497\" src=\"https:\/\/hpm-hedefgroup.com\/wp-content\/uploads\/2025\/02\/Haluk-Ozsoy-CV-and-Portfolio-2018.pdf-image-048.jpg\" class=\"attachment-full size-full\" alt=\"\" srcset=\"https:\/\/hpm-hedefgroup.com\/wp-content\/uploads\/2025\/02\/Haluk-Ozsoy-CV-and-Portfolio-2018.pdf-image-048.jpg 745w, https:\/\/hpm-hedefgroup.com\/wp-content\/uploads\/2025\/02\/Haluk-Ozsoy-CV-and-Portfolio-2018.pdf-image-048-300x200.jpg 300w\" sizes=\"(max-width: 745px) 100vw, 745px\" \/><\/a>\n\t\t\t<\/div><\/figure><figure class='gallery-item'>\n\t\t\t<div class='gallery-icon landscape'>\n\t\t\t\t<a data-elementor-open-lightbox=\"yes\" data-elementor-lightbox-slideshow=\"3d2099f\" data-elementor-lightbox-title=\"Haluk Ozsoy CV and Portfolio 2018.pdf-image-049\" data-e-action-hash=\"#elementor-action%3Aaction%3Dlightbox%26settings%3DeyJpZCI6NDMyLCJ1cmwiOiJodHRwczpcL1wvaHBtLWhlZGVmZ3JvdXAuY29tXC93cC1jb250ZW50XC91cGxvYWRzXC8yMDI1XC8wMlwvSGFsdWstT3pzb3ktQ1YtYW5kLVBvcnRmb2xpby0yMDE4LnBkZi1pbWFnZS0wNDkuanBnIiwic2xpZGVzaG93IjoiM2QyMDk5ZiJ9\" href='https:\/\/hpm-hedefgroup.com\/wp-content\/uploads\/2025\/02\/Haluk-Ozsoy-CV-and-Portfolio-2018.pdf-image-049.jpg'><img loading=\"lazy\" decoding=\"async\" width=\"800\" height=\"533\" src=\"https:\/\/hpm-hedefgroup.com\/wp-content\/uploads\/2025\/02\/Haluk-Ozsoy-CV-and-Portfolio-2018.pdf-image-049.jpg\" class=\"attachment-full size-full\" alt=\"\" srcset=\"https:\/\/hpm-hedefgroup.com\/wp-content\/uploads\/2025\/02\/Haluk-Ozsoy-CV-and-Portfolio-2018.pdf-image-049.jpg 800w, https:\/\/hpm-hedefgroup.com\/wp-content\/uploads\/2025\/02\/Haluk-Ozsoy-CV-and-Portfolio-2018.pdf-image-049-300x200.jpg 300w, https:\/\/hpm-hedefgroup.com\/wp-content\/uploads\/2025\/02\/Haluk-Ozsoy-CV-and-Portfolio-2018.pdf-image-049-768x512.jpg 768w\" sizes=\"(max-width: 800px) 100vw, 800px\" \/><\/a>\n\t\t\t<\/div><\/figure>\n\t\t<\/div>\n\t\t<\/div>\n\t\t\t\t\t\t<\/div>\n\t\t\t\t<\/div>\n\t\t\t\t\t<\/div>\n\t\t\t\t<\/div>\n\t\t\t\t<\/div>\n\t\t","protected":false},"excerpt":{"rendered":"<p>Home Antorman Residental Project Antorman Residence Project Ant Konut A.S &#8211; Ant Yap\u0131 Location ANTORMAN Rezidans Projesi \u00c7ekmek\u00f6y-\u0130stanbul \/ T\u00fcrkiye Employer ANT KONUT A.S Designer ARMA ARCHITECTURAL Project Value 30.000.000$ The project, developed by the contractor Ant Yap\u0131, has a total enclosed area of 50,000 m\u00b2. It includes 137 residential units consisting of duplexes, villas, [&hellip;]<\/p>\n","protected":false},"author":1,"featured_media":0,"parent":0,"menu_order":0,"comment_status":"closed","ping_status":"closed","template":"elementor_header_footer","meta":{"footnotes":""},"class_list":["post-425","page","type-page","status-publish","hentry"],"_links":{"self":[{"href":"https:\/\/hpm-hedefgroup.com\/index.php\/wp-json\/wp\/v2\/pages\/425","targetHints":{"allow":["GET"]}}],"collection":[{"href":"https:\/\/hpm-hedefgroup.com\/index.php\/wp-json\/wp\/v2\/pages"}],"about":[{"href":"https:\/\/hpm-hedefgroup.com\/index.php\/wp-json\/wp\/v2\/types\/page"}],"author":[{"embeddable":true,"href":"https:\/\/hpm-hedefgroup.com\/index.php\/wp-json\/wp\/v2\/users\/1"}],"replies":[{"embeddable":true,"href":"https:\/\/hpm-hedefgroup.com\/index.php\/wp-json\/wp\/v2\/comments?post=425"}],"version-history":[{"count":28,"href":"https:\/\/hpm-hedefgroup.com\/index.php\/wp-json\/wp\/v2\/pages\/425\/revisions"}],"predecessor-version":[{"id":1389,"href":"https:\/\/hpm-hedefgroup.com\/index.php\/wp-json\/wp\/v2\/pages\/425\/revisions\/1389"}],"wp:attachment":[{"href":"https:\/\/hpm-hedefgroup.com\/index.php\/wp-json\/wp\/v2\/media?parent=425"}],"curies":[{"name":"wp","href":"https:\/\/api.w.org\/{rel}","templated":true}]}}